{"id":99,"date":"2020-01-26T15:00:57","date_gmt":"2020-01-26T15:00:57","guid":{"rendered":"https:\/\/kvpwolf.de\/?page_id=99"},"modified":"2022-03-06T11:29:34","modified_gmt":"2022-03-06T11:29:34","slug":"unsere-kuechen","status":"publish","type":"page","link":"https:\/\/kvpwolf.de\/?page_id=99","title":{"rendered":"Unsere K\u00fcchen"},"content":{"rendered":"\n<p><a rel=\"noreferrer noopener\" aria-label=\"Schr\u00f6der K\u00fcchen New-Line (opens in a new tab)\" href=\"https:\/\/www.schroeder-kuechen.de\/kuechen\/new-line\" target=\"_blank\">Schr\u00f6der K\u00fcchen New-Line<\/a> Effiziente Funktionalit\u00e4t in jungem Design in solider Qualit\u00e4t<\/p>\n\n\n\n<p><a rel=\"noreferrer noopener\" aria-label=\"Schr\u00f6der K\u00fcchen Premium-Line (opens in a new tab)\" href=\"https:\/\/www.schroeder-kuechen.de\/kuechen\/premium-line\" target=\"_blank\">Schr\u00f6der K\u00fcchen Premium-Line<\/a>  H\u00f6chste Qualit\u00e4t und Wertigkeit, Stil und Detailverliebtheit<\/p>\n\n\n\n<p><a rel=\"noreferrer noopener\" aria-label=\"Kataloge Schr\u00f6der K\u00fcchen (PDF)  (opens in a new tab)\" href=\"https:\/\/www.schroeder-kuechen.de\/downloads\" target=\"_blank\">Kataloge Schr\u00f6der K\u00fcchen (PDF)<\/a><\/p>\n\n\n\n<p><a href=\"https:\/\/m.youtube.com\/watch?v=4zP8ZKOEPNQ\" target=\"_blank\" rel=\"noreferrer noopener\">Produktvideo Schr\u00f6der K\u00fcchen<\/a><\/p>\n","protected":false},"excerpt":{"rendered":"<p>Schr\u00f6der K\u00fcchen New-Line Effiziente Funktionalit\u00e4t in jungem Design in solider Qualit\u00e4t Schr\u00f6der K\u00fcchen Premium-Line H\u00f6chste Qualit\u00e4t und Wertigkeit, Stil und Detailverliebtheit Kataloge Schr\u00f6der K\u00fcchen (PDF) Produktvideo Schr\u00f6der K\u00fcchen<\/p>\n","protected":false},"author":1,"featured_media":0,"parent":0,"menu_order":0,"comment_status":"closed","ping_status":"closed","template":"","meta":{"gt_page_layout":"","gt_hide_page_title":false,"gt_remove_bottom_margin":false,"footnotes":""},"class_list":["post-99","page","type-page","status-publish","hentry"],"_links":{"self":[{"href":"https:\/\/kvpwolf.de\/index.php?rest_route=\/wp\/v2\/pages\/99","targetHints":{"allow":["GET"]}}],"collection":[{"href":"https:\/\/kvpwolf.de\/index.php?rest_route=\/wp\/v2\/pages"}],"about":[{"href":"https:\/\/kvpwolf.de\/index.php?rest_route=\/wp\/v2\/types\/page"}],"author":[{"embeddable":true,"href":"https:\/\/kvpwolf.de\/index.php?rest_route=\/wp\/v2\/users\/1"}],"replies":[{"embeddable":true,"href":"https:\/\/kvpwolf.de\/index.php?rest_route=%2Fwp%2Fv2%2Fcomments&post=99"}],"version-history":[{"count":13,"href":"https:\/\/kvpwolf.de\/index.php?rest_route=\/wp\/v2\/pages\/99\/revisions"}],"predecessor-version":[{"id":182,"href":"https:\/\/kvpwolf.de\/index.php?rest_route=\/wp\/v2\/pages\/99\/revisions\/182"}],"wp:attachment":[{"href":"https:\/\/kvpwolf.de\/index.php?rest_route=%2Fwp%2Fv2%2Fmedia&parent=99"}],"curies":[{"name":"wp","href":"https:\/\/api.w.org\/{rel}","templated":true}]}}