{"id":37,"date":"2020-01-25T16:55:51","date_gmt":"2020-01-25T16:55:51","guid":{"rendered":"https:\/\/kvpwolf.de\/?page_id=37"},"modified":"2020-02-08T09:58:07","modified_gmt":"2020-02-08T09:58:07","slug":"datenschutzerklaerung","status":"publish","type":"page","link":"https:\/\/kvpwolf.de\/?page_id=37","title":{"rendered":"Datenschutzerkl\u00e4rung"},"content":{"rendered":"\n<p>Diese Datenschutzerkl\u00e4rung soll die Nutzer dieser Website gem\u00e4\u00df  Bundesdatenschutzgesetz und Telemediengesetz \u00fcber die Art, den Umfang und den Zweck der Erhebung und Verwendung personenbezogener Daten durch den Websitebetreiber informieren<\/p>\n\n\n\n<p>KVP-Wolf <\/p>\n\n\n\n<p>Rehbachstra\u00dfe  40<\/p>\n\n\n\n<p>67141 Neuhofen<\/p>\n\n\n\n<p>Der Websitebetreiber nimmt Ihren Datenschutz sehr ernst und behandelt Ihre personenbezogenen Daten vertraulich und entsprechend der gesetzlichen Vorschriften. Bedenken Sie, dass die Daten\u00fcbertragung im Internet grunds\u00e4tzlich mit  Sicherheitsl\u00fccken bedacht sein kann. Ein  vollumf\u00e4nglicher Schutz vor dem  Zugriff durch Fremde ist nicht realisierbar.<\/p>\n\n\n\n<p><strong>Zugriffsdaten<\/strong><br>Der Websitebetreiber bzw. Seitenprovider erhebt Daten \u00fcber Zugriffe auf die Seite und<br>speichert diese als \u201eServer-Logfiles\u201c ab. Folgende Daten werden so protokolliert:<\/p>\n\n\n\n<p>\u2013 Besuchte Website<\/p>\n\n\n\n<p>\u2013 Uhrzeit zum Zeitpunkt des Zugriffes<\/p>\n\n\n\n<p>\u2013 Menge der gesendeten Daten in Byte<\/p>\n\n\n\n<p>\u2013 Quelle\/Verweis, von welchem Sie auf die Seite gelangten<\/p>\n\n\n\n<p>\u2013 Verwendeter Browser<\/p>\n\n\n\n<p>\u2013 Verwendetes Betriebssystem<\/p>\n\n\n\n<p>\u2013 Verwendete IP-Adresse<\/p>\n\n\n\n<p>Die erhobenen Daten dienen lediglich statistischen Auswertungen und zur Verbesserung der Website. Der Websitebetreiber beh\u00e4lt sich allerdings vor, die Server-Logfiles nachtr\u00e4glich zu \u00fcberpr\u00fcfen, sollten konkrete Anhaltspunkte auf eine   rechtswidrige Nutzung hinweisen.<\/p>\n\n\n\n<p><strong>Cookies<\/strong><br>Diese Website verwendet Cookies. Dabei handelt es sich um kleine Textdateien, welche auf Ihrem Endger\u00e4t gespeichert werden. Ihr Browser greift auf diese Dateien zu. Durch den Einsatz von Cookies erh\u00f6ht sich die Benutzerfreundlichkeit und Sicherheit dieser Website. G\u00e4ngige Browser bieten die Einstellungsoption, Cookies nicht zuzulassen. Hinweis: Es ist nicht  gew\u00e4hrleistet, dass Sie auf alle Funktionen dieser Website ohne   Einschr\u00e4nkungen zugreifen k\u00f6nnen, wenn Sie entsprechende Einstellungen vornehmen.<\/p>\n\n\n\n<p><strong>Umgang mit personenbezogenen Daten<\/strong><br>Der Websitebetreiber erhebt, nutzt und gibt Ihre personenbezogenen Daten nur dann weiter, wenn dies im gesetzlichen Rahmen erlaubt ist oder Sie in die Datenerhebung einwilligen. Als  personenbezogene Daten gelten s\u00e4mtliche Informationen, welche dazu   dienen, Ihre Person zu bestimmen und welche zu Ihnen zur\u00fcckverfolgt  werden k\u00f6nnen, also beispielsweise Ihr Name, Ihre E-Mail-Adresse und Telefonnummer.<\/p>\n\n\n\n<p><strong>Umgang mit Kontaktdaten<\/strong><br>Nehmen Sie mit dem Websitebetreiber durch die angebotenen  Kontaktm\u00f6glichkeiten Verbindung  auf, werden Ihre Angaben gespeichert,  damit auf diese zur Bearbeitung  und Beantwortung Ihrer Anfrage zur\u00fcckgegriffen werden kann. Ohne Ihre Einwilligung werden diese Daten nicht an Dritte weitergegeben.<\/p>\n\n\n\n<p><strong>Umgang mit Kommentaren und Beitr\u00e4gen <\/strong><br>Hinterlassen Sie auf dieser Website einen Beitrag oder Kommentar, wird Ihre IP-Adresse gespeichert. Dies dient der Sicherheit des Websitebetreibers: Verst\u00f6\u00dft Ihr Text gegen das Recht, m\u00f6chte er Ihre Identit\u00e4t nachverfolgen k\u00f6nnen.<\/p>\n\n\n\n<p><strong>Abonnements<\/strong><br>Sie haben die M\u00f6glichkeit, sowohl die gesamte Website als auch Nachfolgekommentare auf Ihren Beitrag zu  abonnieren. Sie erhalten eine  E-Mail zur Best\u00e4tigung Ihrer  E-Mail-Adresse. Neben dieser werden keine weiteren Daten erhoben. Die gespeicherten Daten werden nicht an Dritte weitergereicht. Sie k\u00f6nnen  ein Abonnement  jederzeit abbestellen.<\/p>\n\n\n\n<p><strong>Google Analytics<\/strong><br>Diese Website nutzt den Dienst \u201eGoogle Analytics\u201c, welcher von der Google Inc. (1600<br>Amphitheatre  Parkway Mountain View, CA 94043, USA) angeboten wird, zur Analyse der Websitebenutzung durch Nutzer. Der Dienst verwendet  \u201eCookies\u201c \u2013  Textdateien, welche auf Ihrem Endger\u00e4t gespeichert werden. Die durch die Cookies gesammelten Informationen werden im Regelfall an einen  Google-Server in den USA gesandt und dort gespeichert. Auf dieser Website greift die IP-Anonymisierung. Die IP-Adresse der  Nutzer wird  innerhalb der Mitgliedsstaaten der EU und des Europ\u00e4ischen   Wirtschaftsraum gek\u00fcrzt. Durch diese K\u00fcrzung entf\u00e4llt der Personenbezug Ihrer IP-Adresse. Im Rahmen der Vereinbarung zur  Auftragsdatenvereinbarung, welche die  Websitebetreiber mit der Google  Inc. geschlossen haben, erstellt diese mithilfe der gesammelten Informationen eine Auswertung der Websitenutzung und der Websiteaktivit\u00e4t und erbringt mit der Internetnutzung verbundene Dienstleistungen. Sie haben die M\u00f6glichkeit, die Speicherung des Cookies auf Ihrem Ger\u00e4t zu verhindern, indem Sie in Ihrem Browser entsprechende Einstellungen vornehmen. Es ist  nicht gew\u00e4hrleistet, dass  Sie auf alle Funktionen dieser Website ohne Einschr\u00e4nkungen zugreifen k\u00f6nnen, wenn Ihr Browser keine Cookies zul\u00e4sst. Weiterhin k\u00f6nnen Sie durch ein Browser-Plugin verhindern, dass die durch Cookies gesammelten Informationen (inklusive Ihrer IP-Adresse) an die Google Inc. gesendet und von der Google Inc. genutzt werden. Ihr Browser muss die Speicherung von Cookies also hierzu grunds\u00e4tzlich   erlauben. L\u00f6schen Sie Ihre Cookies regelm\u00e4\u00dfig, ist ein erneuter Klick auf den Link bei jedem Besuch dieser Website vonn\u00f6ten. Wenn Sie in Ihrem Browser entsprechende Einstellungen vornehmen, ist es nicht gew\u00e4hrleistet, dass Sie auf alle Funktionen dieser  Website ohne Einschr\u00e4nkungen zugreifen k\u00f6nnen, wenn Ihr Browser keine Cookies zul\u00e4sst. Weiterhin k\u00f6nnen  Sie durch ein Browser-Plugin verhindern, dass die durch Cookies gesammelten Informationen (inklusive Ihrer IP-Adresse) an die Google Inc. gesendet und von der Google Inc. genutzt werden.<br>Ihr Browser muss die Speicherung von Cookies also hierzu grunds\u00e4tzlich erlauben. L\u00f6schen Sie Ihre Cookies regelm\u00e4\u00dfig, ist ein erneuter Klick auf den Link bei jedem Besuch dieser Website vonn\u00f6ten.<\/p>\n\n\n\n<p>Quelle: <a href=\"https:\/\/www.anwalt.de\/vorlage\/muster-datenschutzerklaerung.php\">Muster-Datenschutzerkl\u00e4rung von anwalt.de<\/a><\/p>\n","protected":false},"excerpt":{"rendered":"<p>Diese Datenschutzerkl\u00e4rung soll die Nutzer dieser Website gem\u00e4\u00df Bundesdatenschutzgesetz und Telemediengesetz \u00fcber die Art, den Umfang und den Zweck der Erhebung und Verwendung personenbezogener Daten durch den Websitebetreiber informieren KVP-Wolf Rehbachstra\u00dfe 40 67141 Neuhofen Der Websitebetreiber nimmt Ihren Datenschutz sehr ernst und behandelt Ihre personenbezogenen Daten vertraulich und entsprechend der gesetzlichen Vorschriften. Bedenken Sie, dass [&hellip;]<\/p>\n","protected":false},"author":1,"featured_media":0,"parent":0,"menu_order":0,"comment_status":"closed","ping_status":"closed","template":"","meta":{"gt_page_layout":"","gt_hide_page_title":false,"gt_remove_bottom_margin":false,"footnotes":""},"class_list":["post-37","page","type-page","status-publish","hentry"],"_links":{"self":[{"href":"https:\/\/kvpwolf.de\/index.php?rest_route=\/wp\/v2\/pages\/37","targetHints":{"allow":["GET"]}}],"collection":[{"href":"https:\/\/kvpwolf.de\/index.php?rest_route=\/wp\/v2\/pages"}],"about":[{"href":"https:\/\/kvpwolf.de\/index.php?rest_route=\/wp\/v2\/types\/page"}],"author":[{"embeddable":true,"href":"https:\/\/kvpwolf.de\/index.php?rest_route=\/wp\/v2\/users\/1"}],"replies":[{"embeddable":true,"href":"https:\/\/kvpwolf.de\/index.php?rest_route=%2Fwp%2Fv2%2Fcomments&post=37"}],"version-history":[{"count":9,"href":"https:\/\/kvpwolf.de\/index.php?rest_route=\/wp\/v2\/pages\/37\/revisions"}],"predecessor-version":[{"id":143,"href":"https:\/\/kvpwolf.de\/index.php?rest_route=\/wp\/v2\/pages\/37\/revisions\/143"}],"wp:attachment":[{"href":"https:\/\/kvpwolf.de\/index.php?rest_route=%2Fwp%2Fv2%2Fmedia&parent=37"}],"curies":[{"name":"wp","href":"https:\/\/api.w.org\/{rel}","templated":true}]}}